{"id":637,"date":"2017-09-12T21:28:07","date_gmt":"2017-09-12T19:28:07","guid":{"rendered":"http:\/\/www.guerrinivalerio.it\/?page_id=637\/"},"modified":"2024-04-29T10:51:35","modified_gmt":"2024-04-29T08:51:35","slug":"maschinenpark","status":"publish","type":"page","link":"https:\/\/www.guerrinivalerio.it\/de\/maschinenpark\/","title":{"rendered":"Maschinenpark"},"content":{"rendered":"<p><section class=\"ffb-id-1j93a6d9 section-heading fg-text-dark\"><h2 class=\"fg-text-dark ffb-h2-1\"><\/h2><div class=\"ff-richtext paragraph fg-text-dark ffb-paragraph-2\"><\/div><\/section><style>.ffb-id-1j93a6d9{ margin-bottom: 40px;}.ffb-id-1j93a6d9{ text-align: left !important;}.ffb-id-1j93a6d9 ,.ffb-id-1j93a6d9:before,.ffb-id-1j93a6d9:after,.ffb-id-1j93a6d9:hover,.ffb-id-1j93a6d9:focus,.ffb-id-1j93a6d9 *,.ffb-id-1j93a6d9 *:before,.ffb-id-1j93a6d9 *:after,.ffb-id-1j93a6d9 *:hover,.ffb-id-1j93a6d9 *:focus{ text-align: left !important;}<\/style><script type=\"text\/javascript\"><\/script><p class=\"ffb-id-1j9398gd fg-paragraph text-left    fg-text-dark\"><\/p><style>.ffb-id-1j93a6d9{ \nmargin-bottom: 40px;\n\n}\n.ffb-id-1j93a6d9{ \ntext-align: left !important;\n}\n.ffb-id-1j93a6d9 ,\n.ffb-id-1j93a6d9:before,\n.ffb-id-1j93a6d9:after,\n.ffb-id-1j93a6d9:hover,\n.ffb-id-1j93a6d9:focus,\n.ffb-id-1j93a6d9 *,\n.ffb-id-1j93a6d9 *:before,\n.ffb-id-1j93a6d9 *:after,\n.ffb-id-1j93a6d9 *:hover,\n.ffb-id-1j93a6d9 *:focus{ \ntext-align: left !important;\n}\n<\/style><script type=\"text\/javascript\"><\/script><\/p>\n","protected":false},"excerpt":{"rendered":"","protected":false},"author":1,"featured_media":0,"parent":0,"menu_order":0,"comment_status":"closed","ping_status":"closed","template":"","meta":{"_monsterinsights_skip_tracking":false,"_monsterinsights_sitenote_active":false,"_monsterinsights_sitenote_note":"","_monsterinsights_sitenote_category":0,"footnotes":""},"class_list":["post-637","page","type-page","status-publish","hentry","post-wrapper"],"yoast_head":"<!-- This site is optimized with the Yoast SEO plugin v24.8.1 - https:\/\/yoast.com\/wordpress\/plugins\/seo\/ -->\n<title>CNC Pr\u00e4zisionsdrehen - Torneria Automatica Guerrini Valerio<\/title>\n<meta name=\"description\" content=\"Technologien auf dem letzten Stand und Software f\u00fcr Qualit\u00e4tskontrolle zur Fertigung von hochwertigen Drehteile, Herstellung von Drehteilen f\u00fcr die Thermohydraulik, \u00d6l-Hydraulik, Pneumatik\" \/>\n<meta name=\"robots\" content=\"index, follow, max-snippet:-1, max-image-preview:large, max-video-preview:-1\" \/>\n<link rel=\"canonical\" href=\"https:\/\/www.guerrinivalerio.it\/de\/maschinenpark\/\" \/>\n<meta property=\"og:locale\" content=\"de_DE\" \/>\n<meta property=\"og:type\" content=\"article\" \/>\n<meta property=\"og:title\" content=\"CNC Pr\u00e4zisionsdrehen - Torneria Automatica Guerrini Valerio\" \/>\n<meta property=\"og:description\" content=\"Technologien auf dem letzten Stand und Software f\u00fcr Qualit\u00e4tskontrolle zur Fertigung von hochwertigen Drehteile, Herstellung von Drehteilen f\u00fcr die Thermohydraulik, \u00d6l-Hydraulik, Pneumatik\" \/>\n<meta property=\"og:url\" content=\"https:\/\/www.guerrinivalerio.it\/de\/maschinenpark\/\" \/>\n<meta property=\"og:site_name\" content=\"Torneria Automatica Guerrini Valerio\" \/>\n<meta property=\"article:modified_time\" content=\"2024-04-29T08:51:35+00:00\" \/>\n<meta property=\"og:image\" content=\"https:\/\/www.guerrinivalerio.it\/wp-content\/uploads\/2017\/09\/487525461.jpg\" \/>\n\t<meta property=\"og:image:width\" content=\"478\" \/>\n\t<meta property=\"og:image:height\" content=\"359\" \/>\n\t<meta property=\"og:image:type\" content=\"image\/jpeg\" \/>\n<meta name=\"twitter:card\" content=\"summary_large_image\" \/>\n<meta name=\"twitter:label1\" content=\"Gesch\u00e4tzte Lesezeit\" \/>\n\t<meta name=\"twitter:data1\" content=\"2\u00a0Minuten\" \/>\n<script type=\"application\/ld+json\" class=\"yoast-schema-graph\">{\"@context\":\"https:\/\/schema.org\",\"@graph\":[{\"@type\":\"WebPage\",\"@id\":\"https:\/\/www.guerrinivalerio.it\/de\/maschinenpark\/\",\"url\":\"https:\/\/www.guerrinivalerio.it\/de\/maschinenpark\/\",\"name\":\"CNC Pr\u00e4zisionsdrehen - Torneria Automatica Guerrini Valerio\",\"isPartOf\":{\"@id\":\"https:\/\/www.guerrinivalerio.it\/#website\"},\"datePublished\":\"2017-09-12T19:28:07+00:00\",\"dateModified\":\"2024-04-29T08:51:35+00:00\",\"description\":\"Technologien auf dem letzten Stand und Software f\u00fcr Qualit\u00e4tskontrolle zur Fertigung von hochwertigen Drehteile, Herstellung von Drehteilen f\u00fcr die Thermohydraulik, \u00d6l-Hydraulik, Pneumatik\",\"breadcrumb\":{\"@id\":\"https:\/\/www.guerrinivalerio.it\/de\/maschinenpark\/#breadcrumb\"},\"inLanguage\":\"de\",\"potentialAction\":[{\"@type\":\"ReadAction\",\"target\":[\"https:\/\/www.guerrinivalerio.it\/de\/maschinenpark\/\"]}]},{\"@type\":\"BreadcrumbList\",\"@id\":\"https:\/\/www.guerrinivalerio.it\/de\/maschinenpark\/#breadcrumb\",\"itemListElement\":[{\"@type\":\"ListItem\",\"position\":1,\"name\":\"Home\",\"item\":\"https:\/\/www.guerrinivalerio.it\/de\/\"},{\"@type\":\"ListItem\",\"position\":2,\"name\":\"Maschinenpark\"}]},{\"@type\":\"WebSite\",\"@id\":\"https:\/\/www.guerrinivalerio.it\/#website\",\"url\":\"https:\/\/www.guerrinivalerio.it\/\",\"name\":\"Torneria Automatica Guerrini Valerio\",\"description\":\"Minuteria metallica tornita di alta precisione\",\"publisher\":{\"@id\":\"https:\/\/www.guerrinivalerio.it\/#organization\"},\"potentialAction\":[{\"@type\":\"SearchAction\",\"target\":{\"@type\":\"EntryPoint\",\"urlTemplate\":\"https:\/\/www.guerrinivalerio.it\/?s={search_term_string}\"},\"query-input\":{\"@type\":\"PropertyValueSpecification\",\"valueRequired\":true,\"valueName\":\"search_term_string\"}}],\"inLanguage\":\"de\"},{\"@type\":\"Organization\",\"@id\":\"https:\/\/www.guerrinivalerio.it\/#organization\",\"name\":\"TORNERIA AUTOMATICA GUERRINI VALERIO S.R.L.\",\"url\":\"https:\/\/www.guerrinivalerio.it\/\",\"logo\":{\"@type\":\"ImageObject\",\"inLanguage\":\"de\",\"@id\":\"https:\/\/www.guerrinivalerio.it\/#\/schema\/logo\/image\/\",\"url\":\"https:\/\/www.guerrinivalerio.it\/wp-content\/uploads\/2017\/09\/header_logo.png\",\"contentUrl\":\"https:\/\/www.guerrinivalerio.it\/wp-content\/uploads\/2017\/09\/header_logo.png\",\"width\":400,\"height\":100,\"caption\":\"TORNERIA AUTOMATICA GUERRINI VALERIO S.R.L.\"},\"image\":{\"@id\":\"https:\/\/www.guerrinivalerio.it\/#\/schema\/logo\/image\/\"}}]}<\/script>\n<!-- \/ Yoast SEO plugin. -->","yoast_head_json":{"title":"CNC Pr\u00e4zisionsdrehen - Torneria Automatica Guerrini Valerio","description":"Technologien auf dem letzten Stand und Software f\u00fcr Qualit\u00e4tskontrolle zur Fertigung von hochwertigen Drehteile, Herstellung von Drehteilen f\u00fcr die Thermohydraulik, \u00d6l-Hydraulik, Pneumatik","robots":{"index":"index","follow":"follow","max-snippet":"max-snippet:-1","max-image-preview":"max-image-preview:large","max-video-preview":"max-video-preview:-1"},"canonical":"https:\/\/www.guerrinivalerio.it\/de\/maschinenpark\/","og_locale":"de_DE","og_type":"article","og_title":"CNC Pr\u00e4zisionsdrehen - Torneria Automatica Guerrini Valerio","og_description":"Technologien auf dem letzten Stand und Software f\u00fcr Qualit\u00e4tskontrolle zur Fertigung von hochwertigen Drehteile, Herstellung von Drehteilen f\u00fcr die Thermohydraulik, \u00d6l-Hydraulik, Pneumatik","og_url":"https:\/\/www.guerrinivalerio.it\/de\/maschinenpark\/","og_site_name":"Torneria Automatica Guerrini Valerio","article_modified_time":"2024-04-29T08:51:35+00:00","og_image":[{"width":478,"height":359,"url":"https:\/\/www.guerrinivalerio.it\/wp-content\/uploads\/2017\/09\/487525461.jpg","type":"image\/jpeg"}],"twitter_card":"summary_large_image","twitter_misc":{"Gesch\u00e4tzte Lesezeit":"2\u00a0Minuten"},"schema":{"@context":"https:\/\/schema.org","@graph":[{"@type":"WebPage","@id":"https:\/\/www.guerrinivalerio.it\/de\/maschinenpark\/","url":"https:\/\/www.guerrinivalerio.it\/de\/maschinenpark\/","name":"CNC Pr\u00e4zisionsdrehen - Torneria Automatica Guerrini Valerio","isPartOf":{"@id":"https:\/\/www.guerrinivalerio.it\/#website"},"datePublished":"2017-09-12T19:28:07+00:00","dateModified":"2024-04-29T08:51:35+00:00","description":"Technologien auf dem letzten Stand und Software f\u00fcr Qualit\u00e4tskontrolle zur Fertigung von hochwertigen Drehteile, Herstellung von Drehteilen f\u00fcr die Thermohydraulik, \u00d6l-Hydraulik, Pneumatik","breadcrumb":{"@id":"https:\/\/www.guerrinivalerio.it\/de\/maschinenpark\/#breadcrumb"},"inLanguage":"de","potentialAction":[{"@type":"ReadAction","target":["https:\/\/www.guerrinivalerio.it\/de\/maschinenpark\/"]}]},{"@type":"BreadcrumbList","@id":"https:\/\/www.guerrinivalerio.it\/de\/maschinenpark\/#breadcrumb","itemListElement":[{"@type":"ListItem","position":1,"name":"Home","item":"https:\/\/www.guerrinivalerio.it\/de\/"},{"@type":"ListItem","position":2,"name":"Maschinenpark"}]},{"@type":"WebSite","@id":"https:\/\/www.guerrinivalerio.it\/#website","url":"https:\/\/www.guerrinivalerio.it\/","name":"Torneria Automatica Guerrini Valerio","description":"Minuteria metallica tornita di alta precisione","publisher":{"@id":"https:\/\/www.guerrinivalerio.it\/#organization"},"potentialAction":[{"@type":"SearchAction","target":{"@type":"EntryPoint","urlTemplate":"https:\/\/www.guerrinivalerio.it\/?s={search_term_string}"},"query-input":{"@type":"PropertyValueSpecification","valueRequired":true,"valueName":"search_term_string"}}],"inLanguage":"de"},{"@type":"Organization","@id":"https:\/\/www.guerrinivalerio.it\/#organization","name":"TORNERIA AUTOMATICA GUERRINI VALERIO S.R.L.","url":"https:\/\/www.guerrinivalerio.it\/","logo":{"@type":"ImageObject","inLanguage":"de","@id":"https:\/\/www.guerrinivalerio.it\/#\/schema\/logo\/image\/","url":"https:\/\/www.guerrinivalerio.it\/wp-content\/uploads\/2017\/09\/header_logo.png","contentUrl":"https:\/\/www.guerrinivalerio.it\/wp-content\/uploads\/2017\/09\/header_logo.png","width":400,"height":100,"caption":"TORNERIA AUTOMATICA GUERRINI VALERIO S.R.L."},"image":{"@id":"https:\/\/www.guerrinivalerio.it\/#\/schema\/logo\/image\/"}}]}},"_links":{"self":[{"href":"https:\/\/www.guerrinivalerio.it\/de\/wp-json\/wp\/v2\/pages\/637","targetHints":{"allow":["GET"]}}],"collection":[{"href":"https:\/\/www.guerrinivalerio.it\/de\/wp-json\/wp\/v2\/pages"}],"about":[{"href":"https:\/\/www.guerrinivalerio.it\/de\/wp-json\/wp\/v2\/types\/page"}],"author":[{"embeddable":true,"href":"https:\/\/www.guerrinivalerio.it\/de\/wp-json\/wp\/v2\/users\/1"}],"replies":[{"embeddable":true,"href":"https:\/\/www.guerrinivalerio.it\/de\/wp-json\/wp\/v2\/comments?post=637"}],"version-history":[{"count":4,"href":"https:\/\/www.guerrinivalerio.it\/de\/wp-json\/wp\/v2\/pages\/637\/revisions"}],"predecessor-version":[{"id":1737,"href":"https:\/\/www.guerrinivalerio.it\/de\/wp-json\/wp\/v2\/pages\/637\/revisions\/1737"}],"wp:attachment":[{"href":"https:\/\/www.guerrinivalerio.it\/de\/wp-json\/wp\/v2\/media?parent=637"}],"curies":[{"name":"wp","href":"https:\/\/api.w.org\/{rel}","templated":true}]}}