{"id":633,"date":"2017-09-12T19:07:33","date_gmt":"2017-09-12T17:07:33","guid":{"rendered":"http:\/\/www.guerrinivalerio.it\/?page_id=633\/"},"modified":"2024-09-09T09:45:55","modified_gmt":"2024-09-09T07:45:55","slug":"werkstoffe","status":"publish","type":"page","link":"https:\/\/www.guerrinivalerio.it\/de\/werkstoffe\/","title":{"rendered":"Werkstoffe"},"content":{"rendered":"<p><section class=\"ffb-id-1j91lbn0 section-heading fg-text-dark\"><h2 class=\"fg-text-dark ffb-h2-1\"><\/h2><p class=\"fg-text-dark ffb-paragraph-2\"><\/p><\/section><style>.ffb-id-1j91lbn0{ margin-bottom: 40px;}.ffb-id-1j91lbn0{ text-align: left !important;}.ffb-id-1j91lbn0 ,.ffb-id-1j91lbn0:before,.ffb-id-1j91lbn0:after,.ffb-id-1j91lbn0:hover,.ffb-id-1j91lbn0:focus,.ffb-id-1j91lbn0 *,.ffb-id-1j91lbn0 *:before,.ffb-id-1j91lbn0 *:after,.ffb-id-1j91lbn0 *:hover,.ffb-id-1j91lbn0 *:focus{ text-align: left !important;}<\/style><script type=\"text\/javascript\"><\/script><div class=\"ffb-id-1huel8sv fg-text-dark\"><div class=\"ff-richtext\"><p>Dank der fundierten Erfahrung und der laufenden Entwicklung, das technische Team ist in der Lage <strong>innovative L&ouml;sungen zu erarbeiten<\/strong> f&uuml;r das Drehen von Stahl, Edelstahl, Messing und Alu.<\/p>\n<p>Der Schwerpunkt in der mechanischen Pr&auml;zisionsbearbeitung erm&ouml;glicht den geeigneten Fertigungsprozess auszuw&auml;hlen, um dem Kunden di maximale Fertigungs- u. Qualit&auml;tsleistung zu liefern.<\/p>\n<p>Die laufende &Uuml;berwachung des Lagerbestands garantiert die p&uuml;nktliche Beschaffung der Werkstoffe und den unterbrechungsfreien Fertigungsablauf, um selbst eine dringend vereinbarte Lieferzeit problemlos einzuhalten.<\/p><\/div><\/div><style>.ffb-id-1j91lbn0{ \nmargin-bottom: 40px;\n\n}\n.ffb-id-1j91lbn0{ \ntext-align: left !important;\n}\n.ffb-id-1j91lbn0 ,\n.ffb-id-1j91lbn0:before,\n.ffb-id-1j91lbn0:after,\n.ffb-id-1j91lbn0:hover,\n.ffb-id-1j91lbn0:focus,\n.ffb-id-1j91lbn0 *,\n.ffb-id-1j91lbn0 *:before,\n.ffb-id-1j91lbn0 *:after,\n.ffb-id-1j91lbn0 *:hover,\n.ffb-id-1j91lbn0 *:focus{ \ntext-align: left !important;\n}\n<\/style><script type=\"text\/javascript\"><\/script><div class=\"ffb-id-43oi4161 fg-text-dark\"><p>Die Automatendreherei Guerrini Valerio ist haupts\u00e4chlich auf die Bearbeitung folgender Materialien spezialisiert:<\/p>\n<\/div><style><\/style><script type=\"text\/javascript\"><\/script><section class=\"ffb-id-1hu9qt8d ff-portfolio-columns-js theme-portfolio portfolio-classic-1 ff-gallery-based-on-portfolio fg-text-dark\" data-settings=\"{&quot;portfolio-type&quot;:&quot;grid&quot;,&quot;columns-lg&quot;:&quot;4&quot;,&quot;columns-md&quot;:&quot;4&quot;,&quot;columns-sm&quot;:&quot;2&quot;,&quot;columns-xs&quot;:&quot;1&quot;,&quot;vertical-gap&quot;:30,&quot;horizontal-gap&quot;:30,&quot;default-filter&quot;:&quot;*&quot;,&quot;lightbox-counter&quot;:&quot;{{current}} of {{total}}&quot;,&quot;points-to&quot;:&quot;single&quot;,&quot;portfolio-animation&quot;:&quot;bottomToTop&quot;,&quot;display-type-speed&quot;:&quot;250&quot;,&quot;lightbox-gallery&quot;:true}\"><div class=\"ff-portfolio-grid-wrapper\"><div class=\"ff-portfolio-grid cbp\"><div class=\"cbp-item theme-portfolio-item-v2  fg-text-dark ffb-post-wrapper\"><div class=\"cbp-caption fg-text-dark ffb-featured-image-1\"><div class=\"cbp-caption-defaultWrap theme-portfolio-active-wrap\"><img decoding=\"async\" class=\" img-responsive full-width  img-responsive full-width ff-post-featured-image\"  src=\"https:\/\/www.guerrinivalerio.it\/wp-content\/uploads\/freshizer\/0d1b93d6567079ec206d140381b3c7b4_1-automatische-stahle-768-c-90.jpg\"  alt=\"Automatische stahle\" title=\"Automatische stahle\"><div class=\"theme-icons-wrap theme-portfolio-lightbox\"><a href=\"http:\/\/www.guerrinivalerio.it\/wp-content\/uploads\/2017\/09\/1-automatische-stahle.jpg\" target=\"_blank\" class=\"single\" data-title=\"Gallery\"><i class=\"ff-lightbox-icon theme-icons theme-icons-white-bg theme-icons-md radius-3 ff-font-et-line icon-focus\"><\/i><\/a><\/div><\/div><\/div><div class=\"theme-portfolio-title-heading   fg-text-dark ffb-portfolio-content-2\"><h4 class=\"theme-portfolio-title  fg-text-dark ffb-title-2-1\">Automatische stahle<\/h4><\/div><\/div><div class=\"cbp-item theme-portfolio-item-v2  fg-text-dark ffb-post-wrapper\"><div class=\"cbp-caption fg-text-dark ffb-featured-image-1\"><div class=\"cbp-caption-defaultWrap theme-portfolio-active-wrap\"><img decoding=\"async\" class=\" img-responsive full-width  img-responsive full-width ff-post-featured-image\"  src=\"https:\/\/www.guerrinivalerio.it\/wp-content\/uploads\/freshizer\/1da3f453f9272f240cb6ea6d03576c89_2-rostfreie-stahle-768-c-90.jpg\"  alt=\"Rostfreie stahle\" title=\"Rostfreie stahle\"><div class=\"theme-icons-wrap theme-portfolio-lightbox\"><a href=\"http:\/\/www.guerrinivalerio.it\/wp-content\/uploads\/2017\/09\/2-rostfreie-stahle.jpg\" target=\"_blank\" class=\"single\" data-title=\"Gallery\"><i class=\"ff-lightbox-icon theme-icons theme-icons-white-bg theme-icons-md radius-3 ff-font-et-line icon-focus\"><\/i><\/a><\/div><\/div><\/div><div class=\"theme-portfolio-title-heading   fg-text-dark ffb-portfolio-content-2\"><h4 class=\"theme-portfolio-title  fg-text-dark ffb-title-2-1\">Rostfreie stahle<\/h4><\/div><\/div><div class=\"cbp-item theme-portfolio-item-v2  fg-text-dark ffb-post-wrapper\"><div class=\"cbp-caption fg-text-dark ffb-featured-image-1\"><div class=\"cbp-caption-defaultWrap theme-portfolio-active-wrap\"><img decoding=\"async\" class=\" img-responsive full-width  img-responsive full-width ff-post-featured-image\"  src=\"https:\/\/www.guerrinivalerio.it\/wp-content\/uploads\/freshizer\/d2016efc5474dedcc96e5f5d0656aefc_3-messing-768-c-90.jpg\"  alt=\"Messing\" title=\"Messing\"><div class=\"theme-icons-wrap theme-portfolio-lightbox\"><a href=\"http:\/\/www.guerrinivalerio.it\/wp-content\/uploads\/2017\/09\/3-messing.jpg\" target=\"_blank\" class=\"single\" data-title=\"Gallery\"><i class=\"ff-lightbox-icon theme-icons theme-icons-white-bg theme-icons-md radius-3 ff-font-et-line icon-focus\"><\/i><\/a><\/div><\/div><\/div><div class=\"theme-portfolio-title-heading   fg-text-dark ffb-portfolio-content-2\"><h4 class=\"theme-portfolio-title  fg-text-dark ffb-title-2-1\">Messing<\/h4><\/div><\/div><div class=\"cbp-item theme-portfolio-item-v2  fg-text-dark ffb-post-wrapper\"><div class=\"cbp-caption fg-text-dark ffb-featured-image-1\"><div class=\"cbp-caption-defaultWrap theme-portfolio-active-wrap\"><img decoding=\"async\" class=\" img-responsive full-width  img-responsive full-width ff-post-featured-image\"  src=\"https:\/\/www.guerrinivalerio.it\/wp-content\/uploads\/freshizer\/9537199121e67991f78d67d72b436524_4-aluminium_de-768-c-90.jpg\"  alt=\"Aluminium\" title=\"Aluminium\"><div class=\"theme-icons-wrap theme-portfolio-lightbox\"><a href=\"http:\/\/www.guerrinivalerio.it\/wp-content\/uploads\/2017\/09\/4-aluminium_de.jpg\" target=\"_blank\" class=\"single\" data-title=\"Gallery\"><i class=\"ff-lightbox-icon theme-icons theme-icons-white-bg theme-icons-md radius-3 ff-font-et-line icon-focus\"><\/i><\/a><\/div><\/div><\/div><div class=\"theme-portfolio-title-heading   fg-text-dark ffb-portfolio-content-2\"><h4 class=\"theme-portfolio-title  fg-text-dark ffb-title-2-1\">Aluminium<\/h4><\/div><\/div><\/div><\/div><\/section><style>.ffb-id-1hu9qt8d .ff-lightbox-icon{ background-color: #ffffff !important;}.ffb-id-1hu9qt8d .ff-lightbox-icon:hover{ background-color: #00bcd4 !important;}.ffb-id-1hu9qt8d .cbp-item .cbp-item-wrapper{ background-color: #ffffff;}.ffb-id-1hu9qt8d .cbp-item .cbp-item-wrapper{ box-shadow: 0 2px 5px 3px #eff1f8;}.ffb-id-1hu9qt8d .cbp-item:hover .theme-portfolio-active-wrap:before{ background-color: rgba(0, 188, 212, 0.7);}.ffb-id-1hu9qt8d{ margin-bottom: 0px;}@media (min-width:768px) { .ffb-id-1hu9qt8d{ margin-bottom: 0px;}}@media (min-width:992px) { .ffb-id-1hu9qt8d{ margin-bottom: 0px;}}@media (min-width:1200px) { .ffb-id-1hu9qt8d{ margin-bottom: 0px;}} .ffb-id-1hu9qt8d .cbp-item-wrapper{   box-shadow:none !important;  border:1px solid #eee;}<\/style><script type=\"text\/javascript\">(function($){\njQuery(document).ready(function($) { \n$( \".ffb-id-1hu9qt8d a.single:eq( 0 )\" ).attr(\"href\", \"#automatische-stahle\").attr('target','_self');\n$( \".ffb-id-1hu9qt8d a.single:eq( 1 )\" ).attr(\"href\", \"#rostfreie-stahle\").attr('target','_self');\n$( \".ffb-id-1hu9qt8d a.single:eq( 2 )\" ).attr(\"href\", \"#messing\").attr('target','_self');\n$( \".ffb-id-1hu9qt8d a.single:eq( 3 )\" ).attr(\"href\", \"#aluminium\").attr('target','_self');\n});\n\n})(jQuery);\n<\/script><div class=\"ffb-id-43oi5496 fg-text-dark\"><p><a name=\"automatische-stahle\"><\/a><h4><strong>Automatenst\u00e4hle<\/strong><\/h4><\/p>\n<p><a name=\"automatische-stahle\"><\/a><\/p>\n<div class=\"table-responsive\">\n<table class=\"table table-hover\">\n<thead>\n<tr>\n<th><strong>Beschreibung<\/strong><\/th>\n<th><strong>EN<\/strong><\/th>\n<th><strong>Cod. WR<\/strong><\/th>\n<th><strong>UNI<\/strong><\/th>\n<th><strong>NF<\/strong><\/th>\n<th><strong>DIN<\/strong><\/th>\n<th><strong>USA<\/strong><\/th>\n<\/tr>\n<\/thead>\n<tbody>\n<tr>\n<td> Stahle AVP<\/td>\n<td>11SMnPb37<\/td>\n<td>1.0737<\/td>\n<td>CF9SMnPb36<\/td>\n<td>S300PB<\/td>\n<td>9SMnPb36<\/td>\n<td>12L14<\/td>\n<\/tr>\n<tr>\n<td> Stahle AVZ<\/td>\n<td>11SMn37\/11SMn30<\/td>\n<td>1.0736<\/td>\n<td>CF9SMn36<\/td>\n<td>S300<\/td>\n<td>9SMn36<\/td>\n<td>1215<\/td>\n<\/tr>\n<tr>\n<td> Stahle Pb30<\/td>\n<td>11SMnPb30<\/td>\n<td>1.0718<\/td>\n<td>CF9SMnPb28<\/td>\n<td>S250Pb<\/td>\n<td>9SMnPb28<\/td>\n<td>12L13<\/td>\n<\/tr>\n<tr>\n<td> Stahle SAE1137Pb<\/td>\n<td>36SmnPb14<\/td>\n<td>1.0765<\/td>\n<td>CF35SMnPb10<\/td>\n<td>-<\/td>\n<td>-<\/td>\n<td>1137+Pb<\/td>\n<\/tr>\n<tr>\n<td> Stahle C45E<\/td>\n<td>C45E<\/td>\n<td>1.1191<\/td>\n<td>C45<\/td>\n<td>-<\/td>\n<td>-<\/td>\n<td>1045<\/td>\n<\/tr>\n<\/tbody>\n<\/table>\n<p>&nbsp;<\/p>\n<\/div>\n<p><a name=\"rostfreie-stahle\"><h4><strong>Edelst\u00e4hle<\/strong><\/h4><\/a><\/p>\n<div class=\"table-responsive\">\n<table class=\"table table-hover\">\n<thead>\n<tr>\n<th><strong>Beschreibung<\/strong><\/th>\n<th><strong>EN<\/strong><\/th>\n<th><strong>Cod. WR<\/strong><\/th>\n<th><strong>UNI<\/strong><\/th>\n<th><strong>NF<\/strong><\/th>\n<th><strong>DIN<\/strong><\/th>\n<th><strong>USA<\/strong><\/th>\n<\/tr>\n<\/thead>\n<tbody>\n<tr>\n<td>Aisi 303<\/td>\n<td>X8CrNiS18-09<\/td>\n<td>1.4305<\/td>\n<td>X10CrNiS18-09<\/td>\n<td>Z8CNF18-09<\/td>\n<td>X10CrNiS18-09<\/td>\n<td>303<\/td>\n<\/tr>\n<tr>\n<td>Aisi 304<\/td>\n<td>X5CrNi18-10<\/td>\n<td>1.4301<\/td>\n<td>X5CrNi1810<\/td>\n<td>Z7CN18-09<\/td>\n<td>X5CrNi1810<\/td>\n<td>304<\/td>\n<\/tr>\n<tr>\n<td>Aisi 316<\/td>\n<td>X5CrNiMo17-12-2<\/td>\n<td>1.4401<\/td>\n<td>X5CrNiMo17-12-2<\/td>\n<td>Z7 CND 17-11-02<\/td>\n<td>X5CrNiMo17-12<\/td>\n<td>316<\/td>\n<\/tr>\n<tr>\n<td>Aisi 316L<\/td>\n<td>X2CrNiMo17-12-2<\/td>\n<td>1.4404<\/td>\n<td>X2CrNiMo17-12<\/td>\n<td>Z3CND18-12-03<\/td>\n<td>X2CrNiMo17-13-2<\/td>\n<td>316L<\/td>\n<\/tr>\n<tr>\n<td>Aisi 316Ti<\/td>\n<td>X6CrNiMoTi17122<\/td>\n<td>1.4571<\/td>\n<td>X6CrNiMoTi17122<\/td>\n<td>Z6CNDT17-12<\/td>\n<td>X6CrNiMoTi17122<\/td>\n<td>316Ti<\/td>\n<\/tr>\n<tr>\n<td>Aisi 430 F<\/td>\n<td>X6CrMoS17<\/td>\n<td>1.4105<\/td>\n<td>X6CrMoS17<\/td>\n<td>Z8CF17<\/td>\n<td>X6CrMoS17<\/td>\n<td>430F<\/td>\n<\/tr>\n<\/tbody>\n<\/table>\n<p>&nbsp;<\/p>\n<\/div>\n<p><a name=\"messing\"><h4><strong>Messing<\/strong><\/h4><\/a><\/p>\n<div class=\"table-responsive\">\n<table class=\"table table-hover\">\n<thead>\n<tr>\n<th><strong>Beschreibung<\/strong><\/th>\n<th><strong>EN<\/strong><\/th>\n<th><strong>Cod. WR<\/strong><\/th>\n<th><strong>UNI<\/strong><\/th>\n<th><strong>NF<\/strong><\/th>\n<th><strong>DIN<\/strong><\/th>\n<th><strong>USA<\/strong><\/th>\n<\/tr>\n\n<\/thead>\n<tbody>\n<tr>\n<td>Messing CW510L<\/td>\n<td>CuZn42<\/td>\n<td>CW 510L<\/td>\n<td>-<\/td>\n<td>-<\/td>\n<td>-<\/td>\n<td>C28500<\/td>\n<\/tr>\n<tr>\n<td>Messing CW511L<\/td>\n<td>CuZn38As<\/td>\n<td>CW 511L<\/td>\n<td>-<\/td>\n<td>-<\/td>\n<td>-<\/td>\n<td>-<\/td>\n<\/tr>\n<tr>\n<td>Messing CW602N<\/td>\n<td>CuZn36Pb2As<\/td>\n<td>CW602N<\/td>\n<td>-<\/td>\n<td>-<\/td>\n<td>-<\/td>\n<td>C35330<\/td>\n<\/tr>\n<tr>\n<td>Messing CW606N<\/td>\n<td>CuZn37Pb2<\/td>\n<td>CW606N<\/td>\n<td>-<\/td>\n<td>-<\/td>\n<td>-<\/td>\n<td>C35300<\/td>\n<\/tr>\n<tr>\n<td>Messing CW608N<\/td>\n<td>CuZn38Pb2<\/td>\n<td>CW608N<\/td>\n<td>-<\/td>\n<td>-<\/td>\n<td>-<\/td>\n<td>C37700<\/td>\n<\/tr>\n<tr>\n<td>Messing CW612N<\/td>\n<td>CuZn39Pb2<\/td>\n<td>CW612N<\/td>\n<td>P-CuZn39Pb2<\/td>\n<td>CuZn39Pb2<\/td>\n<td>CuZn39Pb2<\/td>\n<td>C37700<\/td>\n<\/tr>\n<tr>\n<td>Messing CW614N<\/td>\n<td>CuZn39Pb3<\/td>\n<td>CW614N<\/td>\n<td>-<\/td>\n<td>CuZn40Pb3<\/td>\n<td>CuZn39Pb3<\/td>\n<td>C38500<\/td>\n<\/tr>\n<tr>\n<td>Messing CW617N<\/td>\n<td>CuZn40Pb2<\/td>\n<td>CW617N<\/td>\n<td>P-CuZn40Pb2<\/td>\n<td>-<\/td>\n<td>CuZn40Pb2<\/td>\n<td>C38000<\/td>\n<\/tr>\n<tr>\n<td>Messing CW724R<\/td>\n<td>CuZn21Si3P<\/td>\n<td>CW724R<\/td>\n<td>-<\/td>\n<td>-<\/td>\n<td>-<\/td>\n<td>C69300<\/td>\n<\/tr>\n<\/tbody>\n<\/table>\n<p>&nbsp;<\/p>\n<\/div>\n<p><a name=\"aluminium\"><h4><strong>Aluminium<\/strong><\/h4><\/a><\/p>\n<div class=\"table-responsive\">\n<table class=\"table table-hover\">\n<thead>\n\n<tr>\n<th><strong>Beschreibung<\/strong><\/th>\n<th><strong>EN<\/strong><\/th>\n<th><strong>Cod. WR<\/strong><\/th>\n<th><strong>UNI<\/strong><\/th>\n<th><strong>NF<\/strong><\/th>\n<th><strong>DIN<\/strong><\/th>\n<th><strong>USA<\/strong><\/th>\n<\/tr>\n<\/thead>\n<tbody>\n<tr>\n<td>All.2011<\/td>\n<td>AlCu6BiPb<\/td>\n<td>AW-2011<\/td>\n<td>P-AlCu5,5PbBi<\/td>\n<td>A-U5PbBi<\/td>\n<td>AlCuBiPb<\/td>\n<td>-<\/td>\n<\/tr>\n<tr>\n<td>All. 6026 <\/td>\n<td>AlMgSiBi<\/td>\n<td>AW-6026<\/td>\n<td>-<\/td>\n<td>-<\/td>\n<td>-<\/td>\n<td>-<\/td>\n<\/tr>\n<tr>\n<td>All.6082<\/td>\n<td>AlSi1MgMn<\/td>\n<td>AW-6082<\/td>\n<td>-<\/td>\n<td>-<\/td>\n<td>-<\/td>\n<td>-<\/td>\n<\/tr>\n\n<\/tbody>\n<\/table>\n<\/div><\/div><style>.ffb-id-1hu9qt8d .ff-lightbox-icon{ \nbackground-color: #ffffff !important;\n}\n.ffb-id-1hu9qt8d .ff-lightbox-icon:hover{ \nbackground-color: #00bcd4 !important;\n}\n.ffb-id-1hu9qt8d .cbp-item .cbp-item-wrapper{ \nbackground-color: #ffffff;\n}\n.ffb-id-1hu9qt8d .cbp-item .cbp-item-wrapper{ \nbox-shadow: 0 2px 5px 3px #eff1f8;\n}\n.ffb-id-1hu9qt8d .cbp-item:hover .theme-portfolio-active-wrap:before{ \nbackground-color: rgba(0, 188, 212, 0.7);\n}\n.ffb-id-1hu9qt8d{ \nmargin-bottom: 0px;\n\n}\n@media (min-width:768px) { \n.ffb-id-1hu9qt8d{ \nmargin-bottom: 0px;\n\n}\n}@media (min-width:992px) { \n.ffb-id-1hu9qt8d{ \nmargin-bottom: 0px;\n\n}\n}@media (min-width:1200px) { \n.ffb-id-1hu9qt8d{ \nmargin-bottom: 0px;\n\n}\n} .ffb-id-1hu9qt8d .cbp-item-wrapper{ \n  box-shadow:none !important;\n  border:1px solid #eee;\n}\n<\/style><script type=\"text\/javascript\">(function($){\njQuery(document).ready(function($) { \n$( \".ffb-id-1hu9qt8d a.single:eq( 0 )\" ).attr(\"href\", \"#automatische-stahle\").attr('target','_self');\n$( \".ffb-id-1hu9qt8d a.single:eq( 1 )\" ).attr(\"href\", \"#rostfreie-stahle\").attr('target','_self');\n$( \".ffb-id-1hu9qt8d a.single:eq( 2 )\" ).attr(\"href\", \"#messing\").attr('target','_self');\n$( \".ffb-id-1hu9qt8d a.single:eq( 3 )\" ).attr(\"href\", \"#aluminium\").attr('target','_self');\n});\n\n})(jQuery);\n<\/script><\/p>\n","protected":false},"excerpt":{"rendered":"","protected":false},"author":1,"featured_media":0,"parent":0,"menu_order":0,"comment_status":"closed","ping_status":"closed","template":"","meta":{"_monsterinsights_skip_tracking":false,"_monsterinsights_sitenote_active":false,"_monsterinsights_sitenote_note":"","_monsterinsights_sitenote_category":0,"footnotes":""},"class_list":["post-633","page","type-page","status-publish","hentry","post-wrapper"],"yoast_head":"<!-- This site is optimized with the Yoast SEO plugin v24.8.1 - https:\/\/yoast.com\/wordpress\/plugins\/seo\/ -->\n<title>Messing Drehen, Edelstahl Drehen, Alu Drehen, Aluminium Drehen, Fertigung von Armaturenanschl\u00fcsse aus Edelstahl - Torneria Automatica Guerrini Valerio<\/title>\n<meta name=\"description\" content=\"Eine Dynamische und flexible Organisation und die fundierte Erfahrung erm\u00f6glichen den geeigneten Fertigungsprozess auszuw\u00e4hlen, um dem Kunden di maximale Fertigungs- u. Qualit\u00e4tsleistung zu liefern\" \/>\n<meta name=\"robots\" content=\"index, follow, max-snippet:-1, max-image-preview:large, max-video-preview:-1\" \/>\n<link rel=\"canonical\" href=\"https:\/\/www.guerrinivalerio.it\/de\/werkstoffe\/\" \/>\n<meta property=\"og:locale\" content=\"de_DE\" \/>\n<meta property=\"og:type\" content=\"article\" \/>\n<meta property=\"og:title\" content=\"Messing Drehen, Edelstahl Drehen, Alu Drehen, Aluminium Drehen, Fertigung von Armaturenanschl\u00fcsse aus Edelstahl - Torneria Automatica Guerrini Valerio\" \/>\n<meta property=\"og:description\" content=\"Eine Dynamische und flexible Organisation und die fundierte Erfahrung erm\u00f6glichen den geeigneten Fertigungsprozess auszuw\u00e4hlen, um dem Kunden di maximale Fertigungs- u. Qualit\u00e4tsleistung zu liefern\" \/>\n<meta property=\"og:url\" content=\"https:\/\/www.guerrinivalerio.it\/de\/werkstoffe\/\" \/>\n<meta property=\"og:site_name\" content=\"Torneria Automatica Guerrini Valerio\" \/>\n<meta property=\"article:modified_time\" content=\"2024-09-09T07:45:55+00:00\" \/>\n<meta property=\"og:image\" content=\"https:\/\/www.guerrinivalerio.it\/wp-content\/uploads\/2017\/09\/487525461.jpg\" \/>\n\t<meta property=\"og:image:width\" content=\"478\" \/>\n\t<meta property=\"og:image:height\" content=\"359\" \/>\n\t<meta property=\"og:image:type\" content=\"image\/jpeg\" \/>\n<meta name=\"twitter:card\" content=\"summary_large_image\" \/>\n<meta name=\"twitter:label1\" content=\"Gesch\u00e4tzte Lesezeit\" \/>\n\t<meta name=\"twitter:data1\" content=\"2\u00a0Minuten\" \/>\n<script type=\"application\/ld+json\" class=\"yoast-schema-graph\">{\"@context\":\"https:\/\/schema.org\",\"@graph\":[{\"@type\":\"WebPage\",\"@id\":\"https:\/\/www.guerrinivalerio.it\/de\/werkstoffe\/\",\"url\":\"https:\/\/www.guerrinivalerio.it\/de\/werkstoffe\/\",\"name\":\"Messing Drehen, Edelstahl Drehen, Alu Drehen, Aluminium Drehen, Fertigung von Armaturenanschl\u00fcsse aus Edelstahl - Torneria Automatica Guerrini Valerio\",\"isPartOf\":{\"@id\":\"https:\/\/www.guerrinivalerio.it\/#website\"},\"datePublished\":\"2017-09-12T17:07:33+00:00\",\"dateModified\":\"2024-09-09T07:45:55+00:00\",\"description\":\"Eine Dynamische und flexible Organisation und die fundierte Erfahrung erm\u00f6glichen den geeigneten Fertigungsprozess auszuw\u00e4hlen, um dem Kunden di maximale Fertigungs- u. Qualit\u00e4tsleistung zu liefern\",\"breadcrumb\":{\"@id\":\"https:\/\/www.guerrinivalerio.it\/de\/werkstoffe\/#breadcrumb\"},\"inLanguage\":\"de\",\"potentialAction\":[{\"@type\":\"ReadAction\",\"target\":[\"https:\/\/www.guerrinivalerio.it\/de\/werkstoffe\/\"]}]},{\"@type\":\"BreadcrumbList\",\"@id\":\"https:\/\/www.guerrinivalerio.it\/de\/werkstoffe\/#breadcrumb\",\"itemListElement\":[{\"@type\":\"ListItem\",\"position\":1,\"name\":\"Home\",\"item\":\"https:\/\/www.guerrinivalerio.it\/de\/\"},{\"@type\":\"ListItem\",\"position\":2,\"name\":\"Werkstoffe\"}]},{\"@type\":\"WebSite\",\"@id\":\"https:\/\/www.guerrinivalerio.it\/#website\",\"url\":\"https:\/\/www.guerrinivalerio.it\/\",\"name\":\"Torneria Automatica Guerrini Valerio\",\"description\":\"Minuteria metallica tornita di alta precisione\",\"publisher\":{\"@id\":\"https:\/\/www.guerrinivalerio.it\/#organization\"},\"potentialAction\":[{\"@type\":\"SearchAction\",\"target\":{\"@type\":\"EntryPoint\",\"urlTemplate\":\"https:\/\/www.guerrinivalerio.it\/?s={search_term_string}\"},\"query-input\":{\"@type\":\"PropertyValueSpecification\",\"valueRequired\":true,\"valueName\":\"search_term_string\"}}],\"inLanguage\":\"de\"},{\"@type\":\"Organization\",\"@id\":\"https:\/\/www.guerrinivalerio.it\/#organization\",\"name\":\"TORNERIA AUTOMATICA GUERRINI VALERIO S.R.L.\",\"url\":\"https:\/\/www.guerrinivalerio.it\/\",\"logo\":{\"@type\":\"ImageObject\",\"inLanguage\":\"de\",\"@id\":\"https:\/\/www.guerrinivalerio.it\/#\/schema\/logo\/image\/\",\"url\":\"https:\/\/www.guerrinivalerio.it\/wp-content\/uploads\/2017\/09\/header_logo.png\",\"contentUrl\":\"https:\/\/www.guerrinivalerio.it\/wp-content\/uploads\/2017\/09\/header_logo.png\",\"width\":400,\"height\":100,\"caption\":\"TORNERIA AUTOMATICA GUERRINI VALERIO S.R.L.\"},\"image\":{\"@id\":\"https:\/\/www.guerrinivalerio.it\/#\/schema\/logo\/image\/\"}}]}<\/script>\n<!-- \/ Yoast SEO plugin. -->","yoast_head_json":{"title":"Messing Drehen, Edelstahl Drehen, Alu Drehen, Aluminium Drehen, Fertigung von Armaturenanschl\u00fcsse aus Edelstahl - Torneria Automatica Guerrini Valerio","description":"Eine Dynamische und flexible Organisation und die fundierte Erfahrung erm\u00f6glichen den geeigneten Fertigungsprozess auszuw\u00e4hlen, um dem Kunden di maximale Fertigungs- u. Qualit\u00e4tsleistung zu liefern","robots":{"index":"index","follow":"follow","max-snippet":"max-snippet:-1","max-image-preview":"max-image-preview:large","max-video-preview":"max-video-preview:-1"},"canonical":"https:\/\/www.guerrinivalerio.it\/de\/werkstoffe\/","og_locale":"de_DE","og_type":"article","og_title":"Messing Drehen, Edelstahl Drehen, Alu Drehen, Aluminium Drehen, Fertigung von Armaturenanschl\u00fcsse aus Edelstahl - Torneria Automatica Guerrini Valerio","og_description":"Eine Dynamische und flexible Organisation und die fundierte Erfahrung erm\u00f6glichen den geeigneten Fertigungsprozess auszuw\u00e4hlen, um dem Kunden di maximale Fertigungs- u. Qualit\u00e4tsleistung zu liefern","og_url":"https:\/\/www.guerrinivalerio.it\/de\/werkstoffe\/","og_site_name":"Torneria Automatica Guerrini Valerio","article_modified_time":"2024-09-09T07:45:55+00:00","og_image":[{"width":478,"height":359,"url":"https:\/\/www.guerrinivalerio.it\/wp-content\/uploads\/2017\/09\/487525461.jpg","type":"image\/jpeg"}],"twitter_card":"summary_large_image","twitter_misc":{"Gesch\u00e4tzte Lesezeit":"2\u00a0Minuten"},"schema":{"@context":"https:\/\/schema.org","@graph":[{"@type":"WebPage","@id":"https:\/\/www.guerrinivalerio.it\/de\/werkstoffe\/","url":"https:\/\/www.guerrinivalerio.it\/de\/werkstoffe\/","name":"Messing Drehen, Edelstahl Drehen, Alu Drehen, Aluminium Drehen, Fertigung von Armaturenanschl\u00fcsse aus Edelstahl - Torneria Automatica Guerrini Valerio","isPartOf":{"@id":"https:\/\/www.guerrinivalerio.it\/#website"},"datePublished":"2017-09-12T17:07:33+00:00","dateModified":"2024-09-09T07:45:55+00:00","description":"Eine Dynamische und flexible Organisation und die fundierte Erfahrung erm\u00f6glichen den geeigneten Fertigungsprozess auszuw\u00e4hlen, um dem Kunden di maximale Fertigungs- u. Qualit\u00e4tsleistung zu liefern","breadcrumb":{"@id":"https:\/\/www.guerrinivalerio.it\/de\/werkstoffe\/#breadcrumb"},"inLanguage":"de","potentialAction":[{"@type":"ReadAction","target":["https:\/\/www.guerrinivalerio.it\/de\/werkstoffe\/"]}]},{"@type":"BreadcrumbList","@id":"https:\/\/www.guerrinivalerio.it\/de\/werkstoffe\/#breadcrumb","itemListElement":[{"@type":"ListItem","position":1,"name":"Home","item":"https:\/\/www.guerrinivalerio.it\/de\/"},{"@type":"ListItem","position":2,"name":"Werkstoffe"}]},{"@type":"WebSite","@id":"https:\/\/www.guerrinivalerio.it\/#website","url":"https:\/\/www.guerrinivalerio.it\/","name":"Torneria Automatica Guerrini Valerio","description":"Minuteria metallica tornita di alta precisione","publisher":{"@id":"https:\/\/www.guerrinivalerio.it\/#organization"},"potentialAction":[{"@type":"SearchAction","target":{"@type":"EntryPoint","urlTemplate":"https:\/\/www.guerrinivalerio.it\/?s={search_term_string}"},"query-input":{"@type":"PropertyValueSpecification","valueRequired":true,"valueName":"search_term_string"}}],"inLanguage":"de"},{"@type":"Organization","@id":"https:\/\/www.guerrinivalerio.it\/#organization","name":"TORNERIA AUTOMATICA GUERRINI VALERIO S.R.L.","url":"https:\/\/www.guerrinivalerio.it\/","logo":{"@type":"ImageObject","inLanguage":"de","@id":"https:\/\/www.guerrinivalerio.it\/#\/schema\/logo\/image\/","url":"https:\/\/www.guerrinivalerio.it\/wp-content\/uploads\/2017\/09\/header_logo.png","contentUrl":"https:\/\/www.guerrinivalerio.it\/wp-content\/uploads\/2017\/09\/header_logo.png","width":400,"height":100,"caption":"TORNERIA AUTOMATICA GUERRINI VALERIO S.R.L."},"image":{"@id":"https:\/\/www.guerrinivalerio.it\/#\/schema\/logo\/image\/"}}]}},"_links":{"self":[{"href":"https:\/\/www.guerrinivalerio.it\/de\/wp-json\/wp\/v2\/pages\/633","targetHints":{"allow":["GET"]}}],"collection":[{"href":"https:\/\/www.guerrinivalerio.it\/de\/wp-json\/wp\/v2\/pages"}],"about":[{"href":"https:\/\/www.guerrinivalerio.it\/de\/wp-json\/wp\/v2\/types\/page"}],"author":[{"embeddable":true,"href":"https:\/\/www.guerrinivalerio.it\/de\/wp-json\/wp\/v2\/users\/1"}],"replies":[{"embeddable":true,"href":"https:\/\/www.guerrinivalerio.it\/de\/wp-json\/wp\/v2\/comments?post=633"}],"version-history":[{"count":9,"href":"https:\/\/www.guerrinivalerio.it\/de\/wp-json\/wp\/v2\/pages\/633\/revisions"}],"predecessor-version":[{"id":1786,"href":"https:\/\/www.guerrinivalerio.it\/de\/wp-json\/wp\/v2\/pages\/633\/revisions\/1786"}],"wp:attachment":[{"href":"https:\/\/www.guerrinivalerio.it\/de\/wp-json\/wp\/v2\/media?parent=633"}],"curies":[{"name":"wp","href":"https:\/\/api.w.org\/{rel}","templated":true}]}}