{"id":609,"date":"2017-09-29T16:52:04","date_gmt":"2017-09-29T14:52:04","guid":{"rendered":"http:\/\/www.guerrinivalerio.it\/?page_id=609\/"},"modified":"2020-06-25T15:07:26","modified_gmt":"2020-06-25T13:07:26","slug":"plus","status":"publish","type":"page","link":"https:\/\/www.guerrinivalerio.it\/de\/plus\/","title":{"rendered":"Plus"},"content":{"rendered":"<p><section class=\"ffb-id-1j9316eq section-heading fg-text-dark\"><div class=\"ff-richtext h2 fg-text-dark ffb-h2-1\"><\/div><p class=\"fg-text-dark ffb-paragraph-2\"><\/p><\/section><style>.ffb-id-1j9316eq{ margin-bottom: 40px;}.ffb-id-1j9316eq{ text-align: left !important;}.ffb-id-1j9316eq ,.ffb-id-1j9316eq:before,.ffb-id-1j9316eq:after,.ffb-id-1j9316eq:hover,.ffb-id-1j9316eq:focus,.ffb-id-1j9316eq *,.ffb-id-1j9316eq *:before,.ffb-id-1j9316eq *:after,.ffb-id-1j9316eq *:hover,.ffb-id-1j9316eq *:focus{ text-align: left !important;}<\/style><script type=\"text\/javascript\"><\/script><div class=\"ffb-id-1j92t9ed fg-paragraph ff-richtext text-left    fg-text-dark\"><\/div><style>.ffb-id-1j9316eq{ \nmargin-bottom: 40px;\n\n}\n.ffb-id-1j9316eq{ \ntext-align: left !important;\n}\n.ffb-id-1j9316eq ,\n.ffb-id-1j9316eq:before,\n.ffb-id-1j9316eq:after,\n.ffb-id-1j9316eq:hover,\n.ffb-id-1j9316eq:focus,\n.ffb-id-1j9316eq *,\n.ffb-id-1j9316eq *:before,\n.ffb-id-1j9316eq *:after,\n.ffb-id-1j9316eq *:hover,\n.ffb-id-1j9316eq *:focus{ \ntext-align: left !important;\n}\n<\/style><script type=\"text\/javascript\"><\/script><\/p>\n","protected":false},"excerpt":{"rendered":"","protected":false},"author":1,"featured_media":451,"parent":0,"menu_order":0,"comment_status":"closed","ping_status":"closed","template":"","meta":{"_monsterinsights_skip_tracking":false,"_monsterinsights_sitenote_active":false,"_monsterinsights_sitenote_note":"","_monsterinsights_sitenote_category":0,"footnotes":""},"class_list":["post-609","page","type-page","status-publish","has-post-thumbnail","hentry","post-wrapper"],"yoast_head":"<!-- This site is optimized with the Yoast SEO plugin v24.8.1 - https:\/\/yoast.com\/wordpress\/plugins\/seo\/ -->\n<title>CNC Pr\u00e4zisionsdrehfertigung - Torneria Automatica Guerrini Valerio<\/title>\n<meta name=\"description\" content=\"Flexible und dynamische Organisation, schnelle Reaktion, Spezialisierung und eine 360-Grad-Leistung f\u00fcr Produkte, die hohen Qualit\u00e4tsstandards erf\u00fcllen\" \/>\n<meta name=\"robots\" content=\"index, follow, max-snippet:-1, max-image-preview:large, max-video-preview:-1\" \/>\n<link rel=\"canonical\" href=\"https:\/\/www.guerrinivalerio.it\/de\/plus\/\" \/>\n<meta property=\"og:locale\" content=\"de_DE\" \/>\n<meta property=\"og:type\" content=\"article\" \/>\n<meta property=\"og:title\" content=\"CNC Pr\u00e4zisionsdrehfertigung - Torneria Automatica Guerrini Valerio\" \/>\n<meta property=\"og:description\" content=\"Flexible und dynamische Organisation, schnelle Reaktion, Spezialisierung und eine 360-Grad-Leistung f\u00fcr Produkte, die hohen Qualit\u00e4tsstandards erf\u00fcllen\" \/>\n<meta property=\"og:url\" content=\"https:\/\/www.guerrinivalerio.it\/de\/plus\/\" \/>\n<meta property=\"og:site_name\" content=\"Torneria Automatica Guerrini Valerio\" \/>\n<meta property=\"article:modified_time\" content=\"2020-06-25T13:07:26+00:00\" \/>\n<meta property=\"og:image\" content=\"https:\/\/www.guerrinivalerio.it\/wp-content\/uploads\/2017\/09\/3-Alluminio.jpg\" \/>\n\t<meta property=\"og:image:width\" content=\"1920\" \/>\n\t<meta property=\"og:image:height\" content=\"1440\" \/>\n\t<meta property=\"og:image:type\" content=\"image\/jpeg\" \/>\n<meta name=\"twitter:card\" content=\"summary_large_image\" \/>\n<meta name=\"twitter:label1\" content=\"Gesch\u00e4tzte Lesezeit\" \/>\n\t<meta name=\"twitter:data1\" content=\"1\u00a0Minute\" \/>\n<script type=\"application\/ld+json\" class=\"yoast-schema-graph\">{\"@context\":\"https:\/\/schema.org\",\"@graph\":[{\"@type\":\"WebPage\",\"@id\":\"https:\/\/www.guerrinivalerio.it\/de\/plus\/\",\"url\":\"https:\/\/www.guerrinivalerio.it\/de\/plus\/\",\"name\":\"CNC Pr\u00e4zisionsdrehfertigung - Torneria Automatica Guerrini Valerio\",\"isPartOf\":{\"@id\":\"https:\/\/www.guerrinivalerio.it\/#website\"},\"primaryImageOfPage\":{\"@id\":\"https:\/\/www.guerrinivalerio.it\/de\/plus\/#primaryimage\"},\"image\":{\"@id\":\"https:\/\/www.guerrinivalerio.it\/de\/plus\/#primaryimage\"},\"thumbnailUrl\":\"https:\/\/www.guerrinivalerio.it\/wp-content\/uploads\/2017\/09\/3-Alluminio.jpg\",\"datePublished\":\"2017-09-29T14:52:04+00:00\",\"dateModified\":\"2020-06-25T13:07:26+00:00\",\"description\":\"Flexible und dynamische Organisation, schnelle Reaktion, Spezialisierung und eine 360-Grad-Leistung f\u00fcr Produkte, die hohen Qualit\u00e4tsstandards erf\u00fcllen\",\"breadcrumb\":{\"@id\":\"https:\/\/www.guerrinivalerio.it\/de\/plus\/#breadcrumb\"},\"inLanguage\":\"de\",\"potentialAction\":[{\"@type\":\"ReadAction\",\"target\":[\"https:\/\/www.guerrinivalerio.it\/de\/plus\/\"]}]},{\"@type\":\"ImageObject\",\"inLanguage\":\"de\",\"@id\":\"https:\/\/www.guerrinivalerio.it\/de\/plus\/#primaryimage\",\"url\":\"https:\/\/www.guerrinivalerio.it\/wp-content\/uploads\/2017\/09\/3-Alluminio.jpg\",\"contentUrl\":\"https:\/\/www.guerrinivalerio.it\/wp-content\/uploads\/2017\/09\/3-Alluminio.jpg\",\"width\":1920,\"height\":1440,\"caption\":\"Flexible und dynamische Organisation, schnelle Reaktion, Spezialisierung und eine 360-Grad-Leistung f\u00fcr Produkte, die hohen Qualit\u00e4tsstandards erf\u00fcllen\"},{\"@type\":\"BreadcrumbList\",\"@id\":\"https:\/\/www.guerrinivalerio.it\/de\/plus\/#breadcrumb\",\"itemListElement\":[{\"@type\":\"ListItem\",\"position\":1,\"name\":\"Home\",\"item\":\"https:\/\/www.guerrinivalerio.it\/de\/\"},{\"@type\":\"ListItem\",\"position\":2,\"name\":\"Plus\"}]},{\"@type\":\"WebSite\",\"@id\":\"https:\/\/www.guerrinivalerio.it\/#website\",\"url\":\"https:\/\/www.guerrinivalerio.it\/\",\"name\":\"Torneria Automatica Guerrini Valerio\",\"description\":\"Minuteria metallica tornita di alta precisione\",\"publisher\":{\"@id\":\"https:\/\/www.guerrinivalerio.it\/#organization\"},\"potentialAction\":[{\"@type\":\"SearchAction\",\"target\":{\"@type\":\"EntryPoint\",\"urlTemplate\":\"https:\/\/www.guerrinivalerio.it\/?s={search_term_string}\"},\"query-input\":{\"@type\":\"PropertyValueSpecification\",\"valueRequired\":true,\"valueName\":\"search_term_string\"}}],\"inLanguage\":\"de\"},{\"@type\":\"Organization\",\"@id\":\"https:\/\/www.guerrinivalerio.it\/#organization\",\"name\":\"TORNERIA AUTOMATICA GUERRINI VALERIO S.R.L.\",\"url\":\"https:\/\/www.guerrinivalerio.it\/\",\"logo\":{\"@type\":\"ImageObject\",\"inLanguage\":\"de\",\"@id\":\"https:\/\/www.guerrinivalerio.it\/#\/schema\/logo\/image\/\",\"url\":\"https:\/\/www.guerrinivalerio.it\/wp-content\/uploads\/2017\/09\/header_logo.png\",\"contentUrl\":\"https:\/\/www.guerrinivalerio.it\/wp-content\/uploads\/2017\/09\/header_logo.png\",\"width\":400,\"height\":100,\"caption\":\"TORNERIA AUTOMATICA GUERRINI VALERIO S.R.L.\"},\"image\":{\"@id\":\"https:\/\/www.guerrinivalerio.it\/#\/schema\/logo\/image\/\"}}]}<\/script>\n<!-- \/ Yoast SEO plugin. -->","yoast_head_json":{"title":"CNC Pr\u00e4zisionsdrehfertigung - Torneria Automatica Guerrini Valerio","description":"Flexible und dynamische Organisation, schnelle Reaktion, Spezialisierung und eine 360-Grad-Leistung f\u00fcr Produkte, die hohen Qualit\u00e4tsstandards erf\u00fcllen","robots":{"index":"index","follow":"follow","max-snippet":"max-snippet:-1","max-image-preview":"max-image-preview:large","max-video-preview":"max-video-preview:-1"},"canonical":"https:\/\/www.guerrinivalerio.it\/de\/plus\/","og_locale":"de_DE","og_type":"article","og_title":"CNC Pr\u00e4zisionsdrehfertigung - Torneria Automatica Guerrini Valerio","og_description":"Flexible und dynamische Organisation, schnelle Reaktion, Spezialisierung und eine 360-Grad-Leistung f\u00fcr Produkte, die hohen Qualit\u00e4tsstandards erf\u00fcllen","og_url":"https:\/\/www.guerrinivalerio.it\/de\/plus\/","og_site_name":"Torneria Automatica Guerrini Valerio","article_modified_time":"2020-06-25T13:07:26+00:00","og_image":[{"width":1920,"height":1440,"url":"https:\/\/www.guerrinivalerio.it\/wp-content\/uploads\/2017\/09\/3-Alluminio.jpg","type":"image\/jpeg"}],"twitter_card":"summary_large_image","twitter_misc":{"Gesch\u00e4tzte Lesezeit":"1\u00a0Minute"},"schema":{"@context":"https:\/\/schema.org","@graph":[{"@type":"WebPage","@id":"https:\/\/www.guerrinivalerio.it\/de\/plus\/","url":"https:\/\/www.guerrinivalerio.it\/de\/plus\/","name":"CNC Pr\u00e4zisionsdrehfertigung - Torneria Automatica Guerrini Valerio","isPartOf":{"@id":"https:\/\/www.guerrinivalerio.it\/#website"},"primaryImageOfPage":{"@id":"https:\/\/www.guerrinivalerio.it\/de\/plus\/#primaryimage"},"image":{"@id":"https:\/\/www.guerrinivalerio.it\/de\/plus\/#primaryimage"},"thumbnailUrl":"https:\/\/www.guerrinivalerio.it\/wp-content\/uploads\/2017\/09\/3-Alluminio.jpg","datePublished":"2017-09-29T14:52:04+00:00","dateModified":"2020-06-25T13:07:26+00:00","description":"Flexible und dynamische Organisation, schnelle Reaktion, Spezialisierung und eine 360-Grad-Leistung f\u00fcr Produkte, die hohen Qualit\u00e4tsstandards erf\u00fcllen","breadcrumb":{"@id":"https:\/\/www.guerrinivalerio.it\/de\/plus\/#breadcrumb"},"inLanguage":"de","potentialAction":[{"@type":"ReadAction","target":["https:\/\/www.guerrinivalerio.it\/de\/plus\/"]}]},{"@type":"ImageObject","inLanguage":"de","@id":"https:\/\/www.guerrinivalerio.it\/de\/plus\/#primaryimage","url":"https:\/\/www.guerrinivalerio.it\/wp-content\/uploads\/2017\/09\/3-Alluminio.jpg","contentUrl":"https:\/\/www.guerrinivalerio.it\/wp-content\/uploads\/2017\/09\/3-Alluminio.jpg","width":1920,"height":1440,"caption":"Flexible und dynamische Organisation, schnelle Reaktion, Spezialisierung und eine 360-Grad-Leistung f\u00fcr Produkte, die hohen Qualit\u00e4tsstandards erf\u00fcllen"},{"@type":"BreadcrumbList","@id":"https:\/\/www.guerrinivalerio.it\/de\/plus\/#breadcrumb","itemListElement":[{"@type":"ListItem","position":1,"name":"Home","item":"https:\/\/www.guerrinivalerio.it\/de\/"},{"@type":"ListItem","position":2,"name":"Plus"}]},{"@type":"WebSite","@id":"https:\/\/www.guerrinivalerio.it\/#website","url":"https:\/\/www.guerrinivalerio.it\/","name":"Torneria Automatica Guerrini Valerio","description":"Minuteria metallica tornita di alta precisione","publisher":{"@id":"https:\/\/www.guerrinivalerio.it\/#organization"},"potentialAction":[{"@type":"SearchAction","target":{"@type":"EntryPoint","urlTemplate":"https:\/\/www.guerrinivalerio.it\/?s={search_term_string}"},"query-input":{"@type":"PropertyValueSpecification","valueRequired":true,"valueName":"search_term_string"}}],"inLanguage":"de"},{"@type":"Organization","@id":"https:\/\/www.guerrinivalerio.it\/#organization","name":"TORNERIA AUTOMATICA GUERRINI VALERIO S.R.L.","url":"https:\/\/www.guerrinivalerio.it\/","logo":{"@type":"ImageObject","inLanguage":"de","@id":"https:\/\/www.guerrinivalerio.it\/#\/schema\/logo\/image\/","url":"https:\/\/www.guerrinivalerio.it\/wp-content\/uploads\/2017\/09\/header_logo.png","contentUrl":"https:\/\/www.guerrinivalerio.it\/wp-content\/uploads\/2017\/09\/header_logo.png","width":400,"height":100,"caption":"TORNERIA AUTOMATICA GUERRINI VALERIO S.R.L."},"image":{"@id":"https:\/\/www.guerrinivalerio.it\/#\/schema\/logo\/image\/"}}]}},"_links":{"self":[{"href":"https:\/\/www.guerrinivalerio.it\/de\/wp-json\/wp\/v2\/pages\/609","targetHints":{"allow":["GET"]}}],"collection":[{"href":"https:\/\/www.guerrinivalerio.it\/de\/wp-json\/wp\/v2\/pages"}],"about":[{"href":"https:\/\/www.guerrinivalerio.it\/de\/wp-json\/wp\/v2\/types\/page"}],"author":[{"embeddable":true,"href":"https:\/\/www.guerrinivalerio.it\/de\/wp-json\/wp\/v2\/users\/1"}],"replies":[{"embeddable":true,"href":"https:\/\/www.guerrinivalerio.it\/de\/wp-json\/wp\/v2\/comments?post=609"}],"version-history":[{"count":3,"href":"https:\/\/www.guerrinivalerio.it\/de\/wp-json\/wp\/v2\/pages\/609\/revisions"}],"predecessor-version":[{"id":1061,"href":"https:\/\/www.guerrinivalerio.it\/de\/wp-json\/wp\/v2\/pages\/609\/revisions\/1061"}],"wp:featuredmedia":[{"embeddable":true,"href":"https:\/\/www.guerrinivalerio.it\/de\/wp-json\/wp\/v2\/media\/451"}],"wp:attachment":[{"href":"https:\/\/www.guerrinivalerio.it\/de\/wp-json\/wp\/v2\/media?parent=609"}],"curies":[{"name":"wp","href":"https:\/\/api.w.org\/{rel}","templated":true}]}}